{"id":10644,"date":"2015-06-15T17:53:52","date_gmt":"2015-06-15T17:53:52","guid":{"rendered":"http:\/\/folhadosudeste.com\/site\/?page_id=10644"},"modified":"2019-05-31T16:13:19","modified_gmt":"2019-05-31T16:13:19","slug":"sustentabilidade-e-protecao-da-vida","status":"publish","type":"page","link":"http:\/\/folhadosudeste.com\/site\/?page_id=10644","title":{"rendered":"SUSTENTABILIDADE E PROTE\u00c7\u00c3O DA VIDA"},"content":{"rendered":"<p style=\"text-align: justify;\"><strong><em>Niara Maria Braga Siqueira Baptista<\/em><\/strong><br \/>\n<strong><em>Farmac\u00eautica e T\u00e9cnica<\/em><\/strong><br \/>\n<strong><em>em Meio Ambiente<\/em><\/strong><br \/>\n<strong><em>CREA MG 163085\/TD<\/em><\/strong><br \/>\n<strong><em>niaramariabraga@gmail.com<\/em><\/strong><\/p>\n<p style=\"text-align: justify;\"><strong><em>Rog\u00e9rio C\u00e9zar Santos Baptista J\u00fanior<\/em><\/strong><br \/>\n<strong><em>T\u00e9cnico em Seguran\u00e7a do Trabalho<\/em><\/strong><br \/>\n<strong><em>MTE n\u00b00032449-RJ<\/em><\/strong><br \/>\n<strong><em>rogeriojuniorst@gmail.com<\/em><\/strong><\/p>\n<p style=\"text-align: justify;\"><strong><em>CONSULTORIA SEGURIS AMBIENS &#8211; Seguran\u00e7a do Trabalho e Meio Ambiente &#8211; Solicite-nos um or\u00e7amento sem compromisso: documentos relacionados, palestras e treinamentos para sua empresa! (32) 99539138<\/em><\/strong><\/p>\n<p style=\"font-weight: 400; text-align: justify;\"><strong>ESCOLHIDOS PARA A VIDA<\/strong><\/p>\n<p style=\"font-weight: 400; text-align: justify;\">Voc\u00ea \u00e9 um escolhido! J\u00e1 parou pra pensar isso? Sim! Voc\u00ea \u00e9 um escolhido de Deus! Desde antes da concep\u00e7\u00e3o voc\u00ea \u00e9 um escolhido, um escolhido para nascer onde voc\u00ea nasceu, um escolhido para viver com as pessoas que voc\u00ea vive, um escolhido para transformar para melhor o lugar onde voc\u00ea est\u00e1.<br \/>\nE como deve agir uma pessoa que \u00e9 escolhida para uma miss\u00e3o? Como deve pensar algu\u00e9m que possui uma meta? Como deve encarar uma pessoa escolhida em meio \u00e0s contradi\u00e7\u00f5es e ondas contr\u00e1rias que teimam em existir?<\/p>\n<p style=\"font-weight: 400; text-align: justify;\">\n\u00c9 preciso que aprendamos a viver como escolhidos. Um escolhido de Deus deve sempre agir buscando a melhoria cont\u00ednua. Em primeiro lugar com humildade no cora\u00e7\u00e3o, para saber que hoje podemos ser melhores que ontem, para saber que somos respons\u00e1veis pelas consequ\u00eancias de nossos atos.<br \/>\nPara tentarmos passar adiante as coisas boas que aprendemos principalmente transmitirmos \u00e0s nossas crian\u00e7as atitudes sustent\u00e1veis como o plantio de sementes, mudas, respeito ao meio ambiente, preserva\u00e7\u00e3o das \u00e1guas e solos.<\/p>\n<p style=\"font-weight: 400; text-align: justify;\">\nPrecisamos aprender a viver como escolhidos para aumentar a busca pelo combate aos sentimentos de ego\u00edsmo, de comodidade, aumentar o combate \u00e0 falta de disposi\u00e7\u00e3o de dar o primeiro passo rumo a um caminho de plenitude e restaura\u00e7\u00e3o. \u00c9 preciso restaura\u00e7\u00e3o.<br \/>\nUnir as pe\u00e7as que est\u00e3o desorganizadas em nosso interior, organizar nossas id\u00e9ias que podem estar nos fazendo perder muito tempo com bobagens e brigas in\u00fateis. \u00c9 preciso saber aprender a viver como escolhidos. Tomar consci\u00eancia que mesmo o pouco aparente que realizarmos, pode se transformar em muito quando \u00e9 feito com boa vontade e inten\u00e7\u00e3o de melhorar.<\/p>\n<p style=\"font-weight: 400; text-align: justify;\">\nVoc\u00ea que est\u00e1 lendo agora esta coluna, pode pensar: \u201cser\u00e1 que eu posso fazer tantas coisas positivas?\u201d.Voc\u00ea pode fazer muito mais!<br \/>\nBasta colocar sua imagina\u00e7\u00e3o com criatividade para ser desenvolvida para o bem e voc\u00ea ver\u00e1 que novos frutos ir\u00e3o brotar em sua mente e novas maneiras v\u00e3o fazer com que voc\u00ea saiba o que deve ser feito a\u00ed onde voc\u00ea est\u00e1 para que a escolha seja sempre a mais certa: a escolha pela vida! Somos escolhidos para a vida! E vida em gra\u00e7a e harmonia!<\/p>\n","protected":false},"excerpt":{"rendered":"<p>Niara Maria Braga Siqueira Baptista Farmac\u00eautica e T\u00e9cnica em Meio Ambiente CREA MG 163085\/TD niaramariabraga@gmail.com Rog\u00e9rio C\u00e9zar Santos Baptista J\u00fanior T\u00e9cnico em Seguran\u00e7a do Trabalho MTE n\u00b00032449-RJ rogeriojuniorst@gmail.com CONSULTORIA SEGURIS AMBIENS &#8211; Seguran\u00e7a do Trabalho e Meio Ambiente &#8211; Solicite-nos um or\u00e7amento sem compromisso: documentos relacionados, palestras e treinamentos para sua empresa! (32) 99539138 ESCOLHIDOS [&hellip;]<\/p>\n","protected":false},"author":1,"featured_media":0,"parent":590,"menu_order":0,"comment_status":"open","ping_status":"closed","template":"","meta":{"_joinchat":[],"footnotes":""},"class_list":["post-10644","page","type-page","status-publish","hentry"],"_links":{"self":[{"href":"http:\/\/folhadosudeste.com\/site\/index.php?rest_route=\/wp\/v2\/pages\/10644","targetHints":{"allow":["GET"]}}],"collection":[{"href":"http:\/\/folhadosudeste.com\/site\/index.php?rest_route=\/wp\/v2\/pages"}],"about":[{"href":"http:\/\/folhadosudeste.com\/site\/index.php?rest_route=\/wp\/v2\/types\/page"}],"author":[{"embeddable":true,"href":"http:\/\/folhadosudeste.com\/site\/index.php?rest_route=\/wp\/v2\/users\/1"}],"replies":[{"embeddable":true,"href":"http:\/\/folhadosudeste.com\/site\/index.php?rest_route=%2Fwp%2Fv2%2Fcomments&post=10644"}],"version-history":[{"count":59,"href":"http:\/\/folhadosudeste.com\/site\/index.php?rest_route=\/wp\/v2\/pages\/10644\/revisions"}],"predecessor-version":[{"id":64727,"href":"http:\/\/folhadosudeste.com\/site\/index.php?rest_route=\/wp\/v2\/pages\/10644\/revisions\/64727"}],"up":[{"embeddable":true,"href":"http:\/\/folhadosudeste.com\/site\/index.php?rest_route=\/wp\/v2\/pages\/590"}],"wp:attachment":[{"href":"http:\/\/folhadosudeste.com\/site\/index.php?rest_route=%2Fwp%2Fv2%2Fmedia&parent=10644"}],"curies":[{"name":"wp","href":"https:\/\/api.w.org\/{rel}","templated":true}]}}