{"id":10646,"date":"2015-06-15T17:54:12","date_gmt":"2015-06-15T17:54:12","guid":{"rendered":"http:\/\/folhadosudeste.com\/site\/?page_id=10646"},"modified":"2019-06-21T17:53:59","modified_gmt":"2019-06-21T17:53:59","slug":"estimulo-para-vencer","status":"publish","type":"page","link":"http:\/\/folhadosudeste.com\/site\/?page_id=10646","title":{"rendered":"EST\u00cdMULO PARA VENCER &#8211; ESCUTAR ZINF, O DUENDE \u00c9&#8230;"},"content":{"rendered":"<p style=\"text-align: justify;\"><em><strong>Nilma Gl\u00f3ria Braga Siqueira<\/strong><\/em><br \/>\n<em><strong>Terapeuta Hol\u00edstica<\/strong><\/em><br \/>\n<em><strong>CRT 30758<\/strong><\/em><br \/>\n<em><strong>nilmagloria@hotmail.com<\/strong><\/em><br \/>\n<em><strong>Visite o blog do Zinf: http:\/\/zinfnatureza.blogspot.com.br\/<\/strong><\/em><\/p>\n<p style=\"text-align: justify;\"><strong>&#8230; RELAXAMENTO \u00c9 UMA LEI DO INCONSCIENTE<\/strong><\/p>\n<p style=\"text-align: justify;\">N\u00f3s estamos conectados com nosso mundo da natureza exuberante que nos circunda de um modo aconchegante trazendo-nos equil\u00edbrio, bem-estar, esperan\u00e7a e sonhos. Esta natureza \u00e9 composta por incont\u00e1veis folhas de variadas formas, espessuras, cheiros, sabores e cores. Tamb\u00e9m as flores maravilhosas com suas p\u00e9talas coloridas, maciez, suavidade, beleza, nos trazem alegria, dinamismo e a\u00e7\u00e3o. \u00c9 muito bom estarmos aqui hoje, na vida, e s\u00f3 temos a agradecer por esta participa\u00e7\u00e3o no contexto da vida. Agradecer por tudo e por cada detalhe da vida. Nossos personagens s\u00e3o parte desta energia boa da vida. S\u00e3o eles o Zinf (Zeus Integra a Natureza Feliz) que \u00e9 a energia do princ\u00edpio ativo de cada folha e a Minfia (Minerva Integra a Natureza Feliz Invocando Amor) que \u00e9 a energia do princ\u00edpio ativo de cada p\u00e9tala de flor. Hoje eles nos falam sobre outra lei da mente, do nosso inconsciente, o RELAXAMENTO.<\/p>\n<p style=\"text-align: justify;\">Minfia pergunta ao Zinf:<\/p>\n<p style=\"text-align: justify;\">&#8211; \u201cZinf, o que \u00e9 relaxamento?\u201d<\/p>\n<p style=\"text-align: justify;\">&#8211; \u201cOra Minfia, relaxamento \u00e9 soltar. Soltar o que nos prende, deixar ir. Por exemplo, quando eu vou deitar e n\u00e3o consigo dormir, eu preciso fazer um relaxamento, assim: solte pernas, solte bra\u00e7os, solte cabe\u00e7a, deixe a tens\u00e3o ir, deixe o nervosismo ir, deixe as preocupa\u00e7\u00f5es excessivas irem, e que venha o descanso, a revigora\u00e7\u00e3o, a alegria de viver, a sa\u00fade f\u00edsica e mental, e que minha vida seja renovada por novas for\u00e7as do bem\u201d.<\/p>\n<p style=\"text-align: justify;\">&#8211; \u201cQue legal Zinf! Ent\u00e3o, para relaxar, eu preciso fazer algum esfor\u00e7o?<\/p>\n<p style=\"text-align: justify;\">&#8211; \u201cN\u00e3o Minfia, o esfor\u00e7o derrota a si mesmo. Quanto mais esfor\u00e7o voc\u00ea faz, menor \u00e9 o seu resultado. Isto \u00e9 o oposto do que acontece no plano f\u00edsico, que para ter resultado \u00e9 preciso fazer esfor\u00e7o f\u00edsico, por exemplo, se preciso derrubar uma parede, tenho que me esfor\u00e7ar bastante com a for\u00e7a f\u00edsica, mas se quero criar algo novo, preciso \u00e9 relaxar para entrar na vibra\u00e7\u00e3o das ondas da criatividade, retirar a tens\u00e3o, ai a solu\u00e7\u00e3o do problema aparece bem r\u00e1pido\u201d.<\/p>\n<p style=\"text-align: justify;\">&#8211; \u201c\u00c9 Zinf, estou gostando muito de aprender sobre as leis da mente, hoje aprendi que preciso aprender a relaxar, deixar ir o que n\u00e3o \u00e9 bom, e ficar s\u00f3 o que \u00e9 bom, agrad\u00e1vel, sadio e que assim vou ser mais criativa e pr\u00f3spera\u201d.<\/p>\n<p style=\"text-align: justify;\">&#8211; \u201cIsso mesmo Minfia. A natureza com suas folhas e flores ajudam a todos a relaxar e a ser mais feliz!\u201d Viva a natureza!<\/p>\n","protected":false},"excerpt":{"rendered":"<p>Nilma Gl\u00f3ria Braga Siqueira Terapeuta Hol\u00edstica CRT 30758 nilmagloria@hotmail.com Visite o blog do Zinf: http:\/\/zinfnatureza.blogspot.com.br\/ &#8230; RELAXAMENTO \u00c9 UMA LEI DO INCONSCIENTE N\u00f3s estamos conectados com nosso mundo da natureza exuberante que nos circunda de um modo aconchegante trazendo-nos equil\u00edbrio, bem-estar, esperan\u00e7a e sonhos. Esta natureza \u00e9 composta por incont\u00e1veis folhas de variadas formas, espessuras, [&hellip;]<\/p>\n","protected":false},"author":1,"featured_media":0,"parent":590,"menu_order":0,"comment_status":"open","ping_status":"closed","template":"","meta":{"_joinchat":[],"footnotes":""},"class_list":["post-10646","page","type-page","status-publish","hentry"],"_links":{"self":[{"href":"http:\/\/folhadosudeste.com\/site\/index.php?rest_route=\/wp\/v2\/pages\/10646","targetHints":{"allow":["GET"]}}],"collection":[{"href":"http:\/\/folhadosudeste.com\/site\/index.php?rest_route=\/wp\/v2\/pages"}],"about":[{"href":"http:\/\/folhadosudeste.com\/site\/index.php?rest_route=\/wp\/v2\/types\/page"}],"author":[{"embeddable":true,"href":"http:\/\/folhadosudeste.com\/site\/index.php?rest_route=\/wp\/v2\/users\/1"}],"replies":[{"embeddable":true,"href":"http:\/\/folhadosudeste.com\/site\/index.php?rest_route=%2Fwp%2Fv2%2Fcomments&post=10646"}],"version-history":[{"count":66,"href":"http:\/\/folhadosudeste.com\/site\/index.php?rest_route=\/wp\/v2\/pages\/10646\/revisions"}],"predecessor-version":[{"id":64978,"href":"http:\/\/folhadosudeste.com\/site\/index.php?rest_route=\/wp\/v2\/pages\/10646\/revisions\/64978"}],"up":[{"embeddable":true,"href":"http:\/\/folhadosudeste.com\/site\/index.php?rest_route=\/wp\/v2\/pages\/590"}],"wp:attachment":[{"href":"http:\/\/folhadosudeste.com\/site\/index.php?rest_route=%2Fwp%2Fv2%2Fmedia&parent=10646"}],"curies":[{"name":"wp","href":"https:\/\/api.w.org\/{rel}","templated":true}]}}