{"id":40120,"date":"2017-06-22T12:00:52","date_gmt":"2017-06-22T12:00:52","guid":{"rendered":"http:\/\/folhadosudeste.com\/site\/?page_id=40120"},"modified":"2017-06-22T12:20:21","modified_gmt":"2017-06-22T12:20:21","slug":"caminhos-da-psique","status":"publish","type":"page","link":"http:\/\/folhadosudeste.com\/site\/?page_id=40120","title":{"rendered":"CAMINHOS DA PSIQUE"},"content":{"rendered":"<p style=\"text-align: justify;\"><a href=\"http:\/\/folhadosudeste.com\/site\/?attachment_id=40127\" rel=\"attachment wp-att-40127\"><img loading=\"lazy\" decoding=\"async\" class=\"aligncenter size-full wp-image-40127\" src=\"http:\/\/folhadosudeste.com\/site\/wp-content\/uploads\/2017\/06\/CAMINHOS-DA-PSIQUE.jpg\" alt=\"\" width=\"1155\" height=\"364\" srcset=\"http:\/\/folhadosudeste.com\/site\/wp-content\/uploads\/2017\/06\/CAMINHOS-DA-PSIQUE.jpg 1155w, http:\/\/folhadosudeste.com\/site\/wp-content\/uploads\/2017\/06\/CAMINHOS-DA-PSIQUE-300x95.jpg 300w, http:\/\/folhadosudeste.com\/site\/wp-content\/uploads\/2017\/06\/CAMINHOS-DA-PSIQUE-768x242.jpg 768w, http:\/\/folhadosudeste.com\/site\/wp-content\/uploads\/2017\/06\/CAMINHOS-DA-PSIQUE-1024x323.jpg 1024w\" sizes=\"auto, (max-width: 1155px) 100vw, 1155px\" \/><\/a><\/p>\n<p style=\"text-align: justify;\"><strong>C\u00e2ncer: sentimentos e desafios.<\/strong><\/p>\n<p style=\"text-align: justify;\">C\u00e2ncer \u00e9 a designa\u00e7\u00e3o dada pela maioria da popula\u00e7\u00e3o a uma massa tumoral, que s\u00e3o as neoplasias malignas. Segundo o Instituto Nacional de C\u00e2ncer (INCA), o c\u00e2ncer pode ser causado pela intera\u00e7\u00e3o de fatores externos e internos ao organismo. As causas externas est\u00e3o ligadas ao meio ambiente e aos modos de vida do indiv\u00edduo, como o tabagismo, a exposi\u00e7\u00e3o excessiva ao sol e at\u00e9 alguns componentes nos alimentos que ingerimos, entre outros. Os fatores internos s\u00e3o geneticamente pr\u00e9-determinados e est\u00e3o relacionados ao modo como o organismo se defende das agress\u00f5es externas (INCA, 2014). O c\u00e2ncer no Brasil se tornou um problema de sa\u00fade p\u00fablica, fazendo-se necess\u00e1ria a realiza\u00e7\u00e3o de a\u00e7\u00f5es que visem a preven\u00e7\u00e3o e o enfrentamento da doen\u00e7a, em todos os n\u00edveis de assist\u00eancia, pois, a pessoa diagnosticada necessita de um apoio multiprofissional.<\/p>\n<p style=\"text-align: justify;\">Receber um diagn\u00f3stico de c\u00e2ncer pode ser muito doloroso; para algumas pessoas, significa o mesmo que dizer que sua vida teve fim; para outras, significa o in\u00edcio de uma luta, um desafio, em que elas acreditam que sair\u00e3o vencedoras. As doen\u00e7as cr\u00f4nicas como o c\u00e2ncer podem desencadear consequ\u00eancias ps\u00edquicas para a pessoa, como a fraqueza do ego (diminui\u00e7\u00e3o dos investimentos), depend\u00eancia do meio social, regress\u00e3o (redu\u00e7\u00e3o dos interesses), o egocentrismo (pensa que s\u00f3 ele tem a doen\u00e7a, n\u00e3o imaginando que outras pessoas tamb\u00e9m est\u00e3o doentes) e proje\u00e7\u00e3o. Podem ainda passar pelas fases de nega\u00e7\u00e3o, revolta, apatia e aceita\u00e7\u00e3o, que podem dificultar o tratamento (Caixeta 2005). Al\u00e9m disso, os portadores da doen\u00e7a frequentemente experienciam diversos sentimentos durante o tratamento, as recidivas e com rela\u00e7\u00e3o \u00e0 alta m\u00e9dica. Na literatura citam-se sentimentos de isolamento, depress\u00e3o, afli\u00e7\u00e3o, tens\u00e3o, perda, baixa autoestima, dor e ansiedade decorrentes da interna\u00e7\u00e3o, da pr\u00f3pria neoplasia e da n\u00e3o familiaridade com o ambiente hospitalar (BAILEY, 1984).<br \/>\nDiante de todos esses sentimentos, desta carga emocional devido ao c\u00e2ncer, um fator que pode ajudar a pessoa diagnosticada \u00e9 o apoio familiar, \u00e9 ter uma rede de pessoas que se importam com elas, que est\u00e3o ali para compartilhar cada momento vivenciado com o aparecimento da doen\u00e7a, com uni\u00e3o e coopera\u00e7\u00e3o entre paciente e familiares, onde \u00e9 oferecido a ele aten\u00e7\u00e3o, dedica\u00e7\u00e3o e carinho. Estudos tamb\u00e9m t\u00eam mostrado que a religiosidade \u00e9 uma importante estrat\u00e9gia de enfrentamento adotada pelos pacientes, contribuindo para uma postura ativa do paciente diante de seu tratamento, para um suporte social e emocional, proporcionando melhorias na qualidade de vida, na sa\u00fade mental, diminui\u00e7\u00e3o do estresse e cooperatividade com todos os envolvidos no tratamento. No tratamento das neoplasias, o psic\u00f3logo atua como facilitador na identifica\u00e7\u00e3o dos aspectos emocionais dos pacientes, como medos, expectativas diante do tratamento e da possibilidade de recupera\u00e7\u00e3o, no desenvolvimento de interven\u00e7\u00f5es que contemplem as necessidades dos cuidadores dos pacientes frente ao impacto emocional gerado pela doen\u00e7a e \u00e0s perdas; motiva a ades\u00e3o ao tratamento, al\u00e9m de oferecer ao paciente escuta, possibilitando a explicita\u00e7\u00e3o do sofrimento, uma maior implica\u00e7\u00e3o com seu tratamento e um acolhimento para a fam\u00edlia. Voc\u00ea que est\u00e1 passando por este momento de adoecimento pelo c\u00e2ncer, n\u00e3o deixe de enfrentar. Procure ajuda, fale aos familiares, procure um psic\u00f3logo em seu PSF ou na pr\u00f3pria institui\u00e7\u00e3o onde voc\u00ea se trata. O importante \u00e9 nunca deixar de lutar!<\/p>\n","protected":false},"excerpt":{"rendered":"<p>C\u00e2ncer: sentimentos e desafios. C\u00e2ncer \u00e9 a designa\u00e7\u00e3o dada pela maioria da popula\u00e7\u00e3o a uma massa tumoral, que s\u00e3o as neoplasias malignas. Segundo o Instituto Nacional de C\u00e2ncer (INCA), o c\u00e2ncer pode ser causado pela intera\u00e7\u00e3o de fatores externos e internos ao organismo. As causas externas est\u00e3o ligadas ao meio ambiente e aos modos de [&hellip;]<\/p>\n","protected":false},"author":3,"featured_media":0,"parent":0,"menu_order":0,"comment_status":"closed","ping_status":"closed","template":"","meta":{"_joinchat":[],"footnotes":""},"class_list":["post-40120","page","type-page","status-publish","hentry"],"_links":{"self":[{"href":"http:\/\/folhadosudeste.com\/site\/index.php?rest_route=\/wp\/v2\/pages\/40120","targetHints":{"allow":["GET"]}}],"collection":[{"href":"http:\/\/folhadosudeste.com\/site\/index.php?rest_route=\/wp\/v2\/pages"}],"about":[{"href":"http:\/\/folhadosudeste.com\/site\/index.php?rest_route=\/wp\/v2\/types\/page"}],"author":[{"embeddable":true,"href":"http:\/\/folhadosudeste.com\/site\/index.php?rest_route=\/wp\/v2\/users\/3"}],"replies":[{"embeddable":true,"href":"http:\/\/folhadosudeste.com\/site\/index.php?rest_route=%2Fwp%2Fv2%2Fcomments&post=40120"}],"version-history":[{"count":3,"href":"http:\/\/folhadosudeste.com\/site\/index.php?rest_route=\/wp\/v2\/pages\/40120\/revisions"}],"predecessor-version":[{"id":40128,"href":"http:\/\/folhadosudeste.com\/site\/index.php?rest_route=\/wp\/v2\/pages\/40120\/revisions\/40128"}],"wp:attachment":[{"href":"http:\/\/folhadosudeste.com\/site\/index.php?rest_route=%2Fwp%2Fv2%2Fmedia&parent=40120"}],"curies":[{"name":"wp","href":"https:\/\/api.w.org\/{rel}","templated":true}]}}