{"id":2,"date":"2012-11-14T11:45:28","date_gmt":"2012-11-14T11:45:28","guid":{"rendered":"http:\/\/folhadosudeste.com\/site\/?page_id=2"},"modified":"2013-02-04T18:53:59","modified_gmt":"2013-02-04T18:53:59","slug":"pagina-exemplo","status":"publish","type":"page","link":"https:\/\/folhadosudeste.com\/site\/?page_id=2","title":{"rendered":"O Jornal"},"content":{"rendered":"<p style=\"text-align: justify;\">Folha do Sudeste. Esse \u00e9 um nome que ganhou credibilidade em Muria\u00e9 ao longo de sua hist\u00f3ria. O jornal foi fundado em julho de 2001, por um grupo de amigos, mas o primeiro exemplar foi lan\u00e7ado no m\u00eas seguinte, dia 4 de agosto. O nome foi escolhido em fun\u00e7\u00e3o da exist\u00eancia da Distribuidora Sudeste de Bebidas, que era de propriedade dos s\u00f3cio-diretores na \u00e9poca e o outro fator determinante foi a localiza\u00e7\u00e3o do munic\u00edpio de Muria\u00e9, na regi\u00e3o Sudeste de Minas Gerais. A linha editorial foi mudada ao longo dos anos, com a sa\u00edda dos primeiros s\u00f3cios e mudan\u00e7a de opini\u00f5es. Hoje em dia, o foco \u00e9 o interesse p\u00fablico, com destaque para as editorias policiais e eventos.<\/p>\n<p style=\"text-align: justify;\"><strong>Folha do Sudeste na atualidade<\/strong><\/p>\n<p style=\"text-align: justify;\">L\u00facia Helena Brambila trabalhou por quatro anos na empresa, momento em que comprou a empresa junto a outro s\u00f3cio em abril de 2005 \u2013 cada um passou a ter metade da sociedade. Ap\u00f3s mais de dois anos trabalhando juntos, ela comprou a outra parte, em janeiro de 2008, e passou a ser a \u00fanica propriet\u00e1ria. Na \u00e9poca o jornal era impresso todo em preto e branco (PB), mas L\u00facia Helena aceitou o desafio de passar o Folha do Sudeste para colorido. A \u00faltima capa em PB data de 4\/4\/2008, estampando a manchete \u2018Corpo \u00e9 encontrado no Rio Muria\u00e9\u2019, enquanto a primeira edi\u00e7\u00e3o em cor foi lan\u00e7ada em 11\/4\/2008, com o t\u00edtulo principal \u20188 de abril, Dia da Luta Contra o C\u00e2ncer\u2019.<\/p>\n","protected":false},"excerpt":{"rendered":"<p>Folha do Sudeste. Esse \u00e9 um nome que ganhou credibilidade em Muria\u00e9 ao longo de sua hist\u00f3ria. O jornal foi fundado em julho de 2001, por um grupo de amigos, mas o primeiro exemplar foi lan\u00e7ado no m\u00eas seguinte, dia 4 de agosto. O nome foi escolhido em fun\u00e7\u00e3o da exist\u00eancia da Distribuidora Sudeste de [&hellip;]<\/p>\n","protected":false},"author":1,"featured_media":0,"parent":0,"menu_order":0,"comment_status":"closed","ping_status":"open","template":"","meta":{"_joinchat":[],"footnotes":""},"class_list":["post-2","page","type-page","status-publish","hentry"],"_links":{"self":[{"href":"https:\/\/folhadosudeste.com\/site\/index.php?rest_route=\/wp\/v2\/pages\/2","targetHints":{"allow":["GET"]}}],"collection":[{"href":"https:\/\/folhadosudeste.com\/site\/index.php?rest_route=\/wp\/v2\/pages"}],"about":[{"href":"https:\/\/folhadosudeste.com\/site\/index.php?rest_route=\/wp\/v2\/types\/page"}],"author":[{"embeddable":true,"href":"https:\/\/folhadosudeste.com\/site\/index.php?rest_route=\/wp\/v2\/users\/1"}],"replies":[{"embeddable":true,"href":"https:\/\/folhadosudeste.com\/site\/index.php?rest_route=%2Fwp%2Fv2%2Fcomments&post=2"}],"version-history":[{"count":5,"href":"https:\/\/folhadosudeste.com\/site\/index.php?rest_route=\/wp\/v2\/pages\/2\/revisions"}],"predecessor-version":[{"id":286,"href":"https:\/\/folhadosudeste.com\/site\/index.php?rest_route=\/wp\/v2\/pages\/2\/revisions\/286"}],"wp:attachment":[{"href":"https:\/\/folhadosudeste.com\/site\/index.php?rest_route=%2Fwp%2Fv2%2Fmedia&parent=2"}],"curies":[{"name":"wp","href":"https:\/\/api.w.org\/{rel}","templated":true}]}}