{"id":40135,"date":"2017-06-22T12:50:29","date_gmt":"2017-06-22T12:50:29","guid":{"rendered":"http:\/\/folhadosudeste.com\/site\/?page_id=40135"},"modified":"2019-06-14T19:04:19","modified_gmt":"2019-06-14T19:04:19","slug":"caminhos-da-psique-3","status":"publish","type":"page","link":"https:\/\/folhadosudeste.com\/site\/?page_id=40135","title":{"rendered":"CAMINHOS DA PSIQUE"},"content":{"rendered":"<p style=\"text-align: justify;\"><a href=\"http:\/\/folhadosudeste.com\/site\/?attachment_id=40127\" rel=\"attachment wp-att-40127\"><img loading=\"lazy\" decoding=\"async\" class=\"size-full wp-image-40127\" src=\"http:\/\/folhadosudeste.com\/site\/wp-content\/uploads\/2017\/06\/CAMINHOS-DA-PSIQUE.jpg\" alt=\"\" width=\"1155\" height=\"364\" srcset=\"https:\/\/folhadosudeste.com\/site\/wp-content\/uploads\/2017\/06\/CAMINHOS-DA-PSIQUE.jpg 1155w, https:\/\/folhadosudeste.com\/site\/wp-content\/uploads\/2017\/06\/CAMINHOS-DA-PSIQUE-300x95.jpg 300w, https:\/\/folhadosudeste.com\/site\/wp-content\/uploads\/2017\/06\/CAMINHOS-DA-PSIQUE-768x242.jpg 768w, https:\/\/folhadosudeste.com\/site\/wp-content\/uploads\/2017\/06\/CAMINHOS-DA-PSIQUE-1024x323.jpg 1024w\" sizes=\"auto, (max-width: 1155px) 100vw, 1155px\" \/><\/a><\/p>\n<p style=\"text-align: justify;\"><strong>D\u00ea valor enquanto \u00e9 tempo!<\/strong><\/p>\n<p style=\"text-align: justify;\">N\u00e3o espere pra depois&#8230; Diga que ama, pe\u00e7a desculpas, aproveite o momento!<\/p>\n<p style=\"text-align: justify;\">Homenageie em vida, evite a cr\u00edtica, n\u00e3o mergulhe em sofrimento!<\/p>\n<p style=\"text-align: justify;\">Saiba apreciar a companhia do outro, escute, admire, fa\u00e7a a vida de algu\u00e9m valer a pena. Porque somos seres passageiros e por um instante podemos embarcar e deixar por aqui quem mais amamos e vice-versa.<\/p>\n<p style=\"text-align: justify;\">O texto de hoje \u00e9 uma reflex\u00e3o sobre a finitude da vida e a import\u00e2ncia de se viver bem, de amar e ser amado, de aproveitar cada segundo enquanto ainda podemos desfrutar de nossos familiares, dos amigos, dos companheiros de vida.<\/p>\n<p style=\"text-align: justify;\">Vivemos em um mundo que nos obriga a acelerar, estar na correria, nos compromissos. E, por vezes, esquecemos daquilo que realmente importa: o carinho dos pais, dos irm\u00e3os, do esposo, da esposa, dos filhos&#8230; esquecemos de colocar em nossa agenda o tempo para valorizar, para estar junto das pessoas mais importantes, aquelas que s\u00e3o o nosso esteio. E os anos passam, os compromissos aumentam e quando nos damos conta, restam as l\u00e1grimas daquilo que voc\u00ea gostaria de ter vivido com algu\u00e9m e n\u00e3o teve tempo.<\/p>\n<p style=\"text-align: justify;\">Por isso, pare um pouco nesse momento e pense se voc\u00ea est\u00e1 valorizando de fato aqueles que fazem a diferen\u00e7a em sua vida. N\u00e3o deixe para enxergar a import\u00e2ncia de algu\u00e9m somente quando ela se for! Mude! Ainda d\u00e1 tempo!<\/p>\n","protected":false},"excerpt":{"rendered":"<p>D\u00ea valor enquanto \u00e9 tempo! N\u00e3o espere pra depois&#8230; Diga que ama, pe\u00e7a desculpas, aproveite o momento! Homenageie em vida, evite a cr\u00edtica, n\u00e3o mergulhe em sofrimento! Saiba apreciar a companhia do outro, escute, admire, fa\u00e7a a vida de algu\u00e9m valer a pena. Porque somos seres passageiros e por um instante podemos embarcar e deixar [&hellip;]<\/p>\n","protected":false},"author":3,"featured_media":0,"parent":0,"menu_order":0,"comment_status":"closed","ping_status":"closed","template":"","meta":{"_joinchat":[],"footnotes":""},"class_list":["post-40135","page","type-page","status-publish","hentry"],"_links":{"self":[{"href":"https:\/\/folhadosudeste.com\/site\/index.php?rest_route=\/wp\/v2\/pages\/40135","targetHints":{"allow":["GET"]}}],"collection":[{"href":"https:\/\/folhadosudeste.com\/site\/index.php?rest_route=\/wp\/v2\/pages"}],"about":[{"href":"https:\/\/folhadosudeste.com\/site\/index.php?rest_route=\/wp\/v2\/types\/page"}],"author":[{"embeddable":true,"href":"https:\/\/folhadosudeste.com\/site\/index.php?rest_route=\/wp\/v2\/users\/3"}],"replies":[{"embeddable":true,"href":"https:\/\/folhadosudeste.com\/site\/index.php?rest_route=%2Fwp%2Fv2%2Fcomments&post=40135"}],"version-history":[{"count":36,"href":"https:\/\/folhadosudeste.com\/site\/index.php?rest_route=\/wp\/v2\/pages\/40135\/revisions"}],"predecessor-version":[{"id":64792,"href":"https:\/\/folhadosudeste.com\/site\/index.php?rest_route=\/wp\/v2\/pages\/40135\/revisions\/64792"}],"wp:attachment":[{"href":"https:\/\/folhadosudeste.com\/site\/index.php?rest_route=%2Fwp%2Fv2%2Fmedia&parent=40135"}],"curies":[{"name":"wp","href":"https:\/\/api.w.org\/{rel}","templated":true}]}}